{"id":95,"date":"2018-03-12T18:20:55","date_gmt":"2018-03-12T17:20:55","guid":{"rendered":"http:\/\/www.fcstpauli-visuell.de\/?page_id=95"},"modified":"2020-06-10T14:15:01","modified_gmt":"2020-06-10T12:15:01","slug":"antje-frohmueller","status":"publish","type":"page","link":"https:\/\/blog.1910-museum.de\/fcstpauli-visuell\/antje-frohmueller\/","title":{"rendered":"Antje Frohm\u00fcller"},"content":{"rendered":"<!--themify_builder_content-->\n<div id=\"themify_builder_content-95\" data-postid=\"95\" class=\"themify_builder_content themify_builder_content-95 themify_builder tf_clear\">\n                    <div  data-lazy=\"1\" class=\"module_row themify_builder_row tb_4306000 tb_first tf_w\">\n                        <div class=\"row_inner col_align_top tb_col_count_2 tf_box tf_rel\">\n                        <div  data-lazy=\"1\" class=\"module_column tb-column col4-2 tb_txli990 first\">\n                            <div  data-lazy=\"1\" class=\"module_subrow themify_builder_sub_row tf_w col_align_top tb_col_count_2 tb_1gxk009\">\n                <div  data-lazy=\"1\" class=\"module_column sub_column col4-2 tb_qf5s909 first\">\n                    <!-- module image -->\n<div  class=\"module module-image tb_geqb096 image-left   tf_mw\" data-lazy=\"1\">\n        <div class=\"image-wrap tf_rel tf_mw\">\n            <img loading=\"lazy\" decoding=\"async\" src=\"http:\/\/blog.1910-museum.de\/fcstpauli-visuell\/wp-content\/uploads\/sites\/15\/AntjeFrohmueller_by_StefanGroenveld_201707_frame32-1.jpg\" width=\"200\" height=\"258\" title=\"Antje Frohm\u00fcller\" alt=\"Antje Frohm\u00fcller\">    \n        <\/div>\n    <!-- \/image-wrap -->\n    \n        <\/div>\n<!-- \/module image -->        <\/div>\n                    <div  data-lazy=\"1\" class=\"module_column sub_column col4-2 tb_dm57901 last\">\n                    <!-- module plain text -->\n<div  class=\"module module-plain-text tb_l0r4959 \" data-lazy=\"1\">\n        <div class=\"tb_text_wrap\">\n    Antje Frohm\u00fcller    <\/div>\n<\/div>\n<!-- \/module plain text --><!-- module text -->\n<div  class=\"module module-text tb_bw6z991  repeat \" data-lazy=\"1\">\n        <div  class=\"tb_text_wrap\">\n        <p><a href=\"http:\/\/afroh.de\/\" target=\"_blank\" rel=\"noopener\"><strong>afroh.de<\/strong><\/a><\/p>    <\/div>\n<\/div>\n<!-- \/module text -->        <\/div>\n                    <\/div>\n        <!-- module text -->\n<div  class=\"module module-text tb_78hk200  repeat \" data-lazy=\"1\">\n        <div  class=\"tb_text_wrap\">\n        <p>Eigentlich hatte ich mit Fu\u00dfball nie viel am Hut. Bis mich Freunde 2003 mit zu einem Spiel ans Millerntor nahmen. Die Atmosph\u00e4re, die Fans und sogar der Fu\u00dfball zogen mich schnell in ihren Bann: in der alten Nordkurve, auf br\u00f6ckelnden Stufen. Fotografierend.<\/p>\n<p>&#8222;Gebt mir eine Innenraumkarte, und ich fotografiere f\u00fcr eure Stadionzeitung\u201c: Das war mein Angebot an den FC St. Pauli, als meine Bilder gefielen. Denn es waren Regionalligazeiten, und der Fotografenandrang im Stadion hielt sich in Grenzen. Und so stand ich kurz darauf direkt an der Seitenlinie und dokumentierte die Spiele und das Drumherum: gro\u00dfe und kleine Momente, mit Raum f\u00fcr die Betrachter und ihre eigenen Erinnerungen.<\/p>\n<p>Seitdem hat sich meine Kameraausr\u00fcstung stetig verbessert. Der Verein stieg auf und ab, das Millerntor wurde nach und nach neu gebaut, Spieler und Trainer kamen und gingen. Doch bei allen Ver\u00e4nderungen: An jedem neuen Spieltag wei\u00df ich noch immer ganz genau, warum ich hier stehe.<\/p>    <\/div>\n<\/div>\n<!-- \/module text -->        <\/div>\n                    <div  data-lazy=\"1\" class=\"module_column tb-column col4-2 tb_423q990 last\">\n                    <!-- module image -->\n<div  class=\"module module-image tb_6kp8009 image-center   tf_mw\" data-lazy=\"1\">\n        <div class=\"image-wrap tf_rel tf_mw\">\n            <img loading=\"lazy\" decoding=\"async\" src=\"http:\/\/blog.1910-museum.de\/fcstpauli-visuell\/wp-content\/uploads\/sites\/15\/afroh_0607_30_hsvII_271_web.jpg\" width=\"1600\" height=\"1067\" title=\"Antje Frohm\u00fcller\" alt=\"Antje Frohm\u00fcller\">    \n        <\/div>\n    <!-- \/image-wrap -->\n    \n        <\/div>\n<!-- \/module image -->        <\/div>\n                        <\/div>\n        <\/div>\n        <\/div>\n<!--\/themify_builder_content-->","protected":false},"excerpt":{"rendered":"<p>Antje Frohm\u00fcller afroh.de Eigentlich hatte ich mit Fu\u00dfball nie viel am Hut. Bis mich Freunde 2003 mit zu einem Spiel ans Millerntor nahmen. Die Atmosph\u00e4re, die Fans und sogar der [&hellip;]<\/p>\n","protected":false},"author":18,"featured_media":0,"parent":0,"menu_order":0,"comment_status":"closed","ping_status":"closed","template":"","meta":{"_acf_changed":false,"footnotes":""},"class_list":["post-95","page","type-page","status-publish","hentry","has-post-title","has-post-date","has-post-category","has-post-tag","has-post-comment","has-post-author",""],"acf":[],"yoast_head":"<!-- This site is optimized with the Yoast SEO plugin v26.6 - https:\/\/yoast.com\/wordpress\/plugins\/seo\/ -->\n<title>Antje Frohm\u00fcller - FC St. Pauli visuell<\/title>\n<meta name=\"robots\" content=\"index, follow, max-snippet:-1, max-image-preview:large, max-video-preview:-1\" \/>\n<link rel=\"canonical\" href=\"https:\/\/blog.1910-museum.de\/fcstpauli-visuell\/antje-frohmueller\/\" \/>\n<meta property=\"og:locale\" content=\"de_DE\" \/>\n<meta property=\"og:type\" content=\"article\" \/>\n<meta property=\"og:title\" content=\"Antje Frohm\u00fcller - FC St. Pauli visuell\" \/>\n<meta property=\"og:description\" content=\"Antje Frohm\u00fcller afroh.de Eigentlich hatte ich mit Fu\u00dfball nie viel am Hut. Bis mich Freunde 2003 mit zu einem Spiel ans Millerntor nahmen. Die Atmosph\u00e4re, die Fans und sogar der [&hellip;]\" \/>\n<meta property=\"og:url\" content=\"https:\/\/blog.1910-museum.de\/fcstpauli-visuell\/antje-frohmueller\/\" \/>\n<meta property=\"og:site_name\" content=\"FC St. Pauli visuell\" \/>\n<meta property=\"article:modified_time\" content=\"2020-06-10T12:15:01+00:00\" \/>\n<meta property=\"og:image\" content=\"http:\/\/blog.1910-museum.de\/fcstpauli-visuell\/wp-content\/uploads\/sites\/15\/AntjeFrohmueller_by_StefanGroenveld_201707_frame32-1-200x129.jpg\" \/>\n<meta name=\"twitter:card\" content=\"summary_large_image\" \/>\n<meta name=\"twitter:label1\" content=\"Gesch\u00e4tzte Lesezeit\" \/>\n\t<meta name=\"twitter:data1\" content=\"1\u00a0Minute\" \/>\n<script type=\"application\/ld+json\" class=\"yoast-schema-graph\">{\"@context\":\"https:\/\/schema.org\",\"@graph\":[{\"@type\":\"WebPage\",\"@id\":\"https:\/\/blog.1910-museum.de\/fcstpauli-visuell\/antje-frohmueller\/\",\"url\":\"https:\/\/blog.1910-museum.de\/fcstpauli-visuell\/antje-frohmueller\/\",\"name\":\"Antje Frohm\u00fcller - FC St. Pauli visuell\",\"isPartOf\":{\"@id\":\"http:\/\/blog.1910-museum.de\/fcstpauli-visuell\/#website\"},\"primaryImageOfPage\":{\"@id\":\"https:\/\/blog.1910-museum.de\/fcstpauli-visuell\/antje-frohmueller\/#primaryimage\"},\"image\":{\"@id\":\"https:\/\/blog.1910-museum.de\/fcstpauli-visuell\/antje-frohmueller\/#primaryimage\"},\"thumbnailUrl\":\"http:\/\/blog.1910-museum.de\/fcstpauli-visuell\/wp-content\/uploads\/sites\/15\/AntjeFrohmueller_by_StefanGroenveld_201707_frame32-1-200x129.jpg\",\"datePublished\":\"2018-03-12T17:20:55+00:00\",\"dateModified\":\"2020-06-10T12:15:01+00:00\",\"breadcrumb\":{\"@id\":\"https:\/\/blog.1910-museum.de\/fcstpauli-visuell\/antje-frohmueller\/#breadcrumb\"},\"inLanguage\":\"de\",\"potentialAction\":[{\"@type\":\"ReadAction\",\"target\":[\"https:\/\/blog.1910-museum.de\/fcstpauli-visuell\/antje-frohmueller\/\"]}]},{\"@type\":\"ImageObject\",\"inLanguage\":\"de\",\"@id\":\"https:\/\/blog.1910-museum.de\/fcstpauli-visuell\/antje-frohmueller\/#primaryimage\",\"url\":\"https:\/\/blog.1910-museum.de\/fcstpauli-visuell\/wp-content\/uploads\/sites\/15\/AntjeFrohmueller_by_StefanGroenveld_201707_frame32-1.jpg\",\"contentUrl\":\"https:\/\/blog.1910-museum.de\/fcstpauli-visuell\/wp-content\/uploads\/sites\/15\/AntjeFrohmueller_by_StefanGroenveld_201707_frame32-1.jpg\",\"width\":400,\"height\":258},{\"@type\":\"BreadcrumbList\",\"@id\":\"https:\/\/blog.1910-museum.de\/fcstpauli-visuell\/antje-frohmueller\/#breadcrumb\",\"itemListElement\":[{\"@type\":\"ListItem\",\"position\":1,\"name\":\"Startseite\",\"item\":\"http:\/\/blog.1910-museum.de\/fcstpauli-visuell\/\"},{\"@type\":\"ListItem\",\"position\":2,\"name\":\"Antje Frohm\u00fcller\"}]},{\"@type\":\"WebSite\",\"@id\":\"http:\/\/blog.1910-museum.de\/fcstpauli-visuell\/#website\",\"url\":\"http:\/\/blog.1910-museum.de\/fcstpauli-visuell\/\",\"name\":\"FC St. Pauli visuell\",\"description\":\"Fotografische Ansichtssachen vom Millerntor\",\"potentialAction\":[{\"@type\":\"SearchAction\",\"target\":{\"@type\":\"EntryPoint\",\"urlTemplate\":\"http:\/\/blog.1910-museum.de\/fcstpauli-visuell\/?s={search_term_string}\"},\"query-input\":{\"@type\":\"PropertyValueSpecification\",\"valueRequired\":true,\"valueName\":\"search_term_string\"}}],\"inLanguage\":\"de\"}]}<\/script>\n<!-- \/ Yoast SEO plugin. -->","yoast_head_json":{"title":"Antje Frohm\u00fcller - FC St. Pauli visuell","robots":{"index":"index","follow":"follow","max-snippet":"max-snippet:-1","max-image-preview":"max-image-preview:large","max-video-preview":"max-video-preview:-1"},"canonical":"https:\/\/blog.1910-museum.de\/fcstpauli-visuell\/antje-frohmueller\/","og_locale":"de_DE","og_type":"article","og_title":"Antje Frohm\u00fcller - FC St. Pauli visuell","og_description":"Antje Frohm\u00fcller afroh.de Eigentlich hatte ich mit Fu\u00dfball nie viel am Hut. Bis mich Freunde 2003 mit zu einem Spiel ans Millerntor nahmen. Die Atmosph\u00e4re, die Fans und sogar der [&hellip;]","og_url":"https:\/\/blog.1910-museum.de\/fcstpauli-visuell\/antje-frohmueller\/","og_site_name":"FC St. Pauli visuell","article_modified_time":"2020-06-10T12:15:01+00:00","og_image":[{"url":"http:\/\/blog.1910-museum.de\/fcstpauli-visuell\/wp-content\/uploads\/sites\/15\/AntjeFrohmueller_by_StefanGroenveld_201707_frame32-1-200x129.jpg","type":"","width":"","height":""}],"twitter_card":"summary_large_image","twitter_misc":{"Gesch\u00e4tzte Lesezeit":"1\u00a0Minute"},"schema":{"@context":"https:\/\/schema.org","@graph":[{"@type":"WebPage","@id":"https:\/\/blog.1910-museum.de\/fcstpauli-visuell\/antje-frohmueller\/","url":"https:\/\/blog.1910-museum.de\/fcstpauli-visuell\/antje-frohmueller\/","name":"Antje Frohm\u00fcller - FC St. Pauli visuell","isPartOf":{"@id":"http:\/\/blog.1910-museum.de\/fcstpauli-visuell\/#website"},"primaryImageOfPage":{"@id":"https:\/\/blog.1910-museum.de\/fcstpauli-visuell\/antje-frohmueller\/#primaryimage"},"image":{"@id":"https:\/\/blog.1910-museum.de\/fcstpauli-visuell\/antje-frohmueller\/#primaryimage"},"thumbnailUrl":"http:\/\/blog.1910-museum.de\/fcstpauli-visuell\/wp-content\/uploads\/sites\/15\/AntjeFrohmueller_by_StefanGroenveld_201707_frame32-1-200x129.jpg","datePublished":"2018-03-12T17:20:55+00:00","dateModified":"2020-06-10T12:15:01+00:00","breadcrumb":{"@id":"https:\/\/blog.1910-museum.de\/fcstpauli-visuell\/antje-frohmueller\/#breadcrumb"},"inLanguage":"de","potentialAction":[{"@type":"ReadAction","target":["https:\/\/blog.1910-museum.de\/fcstpauli-visuell\/antje-frohmueller\/"]}]},{"@type":"ImageObject","inLanguage":"de","@id":"https:\/\/blog.1910-museum.de\/fcstpauli-visuell\/antje-frohmueller\/#primaryimage","url":"https:\/\/blog.1910-museum.de\/fcstpauli-visuell\/wp-content\/uploads\/sites\/15\/AntjeFrohmueller_by_StefanGroenveld_201707_frame32-1.jpg","contentUrl":"https:\/\/blog.1910-museum.de\/fcstpauli-visuell\/wp-content\/uploads\/sites\/15\/AntjeFrohmueller_by_StefanGroenveld_201707_frame32-1.jpg","width":400,"height":258},{"@type":"BreadcrumbList","@id":"https:\/\/blog.1910-museum.de\/fcstpauli-visuell\/antje-frohmueller\/#breadcrumb","itemListElement":[{"@type":"ListItem","position":1,"name":"Startseite","item":"http:\/\/blog.1910-museum.de\/fcstpauli-visuell\/"},{"@type":"ListItem","position":2,"name":"Antje Frohm\u00fcller"}]},{"@type":"WebSite","@id":"http:\/\/blog.1910-museum.de\/fcstpauli-visuell\/#website","url":"http:\/\/blog.1910-museum.de\/fcstpauli-visuell\/","name":"FC St. Pauli visuell","description":"Fotografische Ansichtssachen vom Millerntor","potentialAction":[{"@type":"SearchAction","target":{"@type":"EntryPoint","urlTemplate":"http:\/\/blog.1910-museum.de\/fcstpauli-visuell\/?s={search_term_string}"},"query-input":{"@type":"PropertyValueSpecification","valueRequired":true,"valueName":"search_term_string"}}],"inLanguage":"de"}]}},"_links":{"self":[{"href":"https:\/\/www.fcstpauli-visuell.de\/fcstpauli-visuell\/wp-json\/wp\/v2\/pages\/95","targetHints":{"allow":["GET"]}}],"collection":[{"href":"https:\/\/www.fcstpauli-visuell.de\/fcstpauli-visuell\/wp-json\/wp\/v2\/pages"}],"about":[{"href":"https:\/\/www.fcstpauli-visuell.de\/fcstpauli-visuell\/wp-json\/wp\/v2\/types\/page"}],"author":[{"embeddable":true,"href":"https:\/\/www.fcstpauli-visuell.de\/fcstpauli-visuell\/wp-json\/wp\/v2\/users\/18"}],"replies":[{"embeddable":true,"href":"https:\/\/www.fcstpauli-visuell.de\/fcstpauli-visuell\/wp-json\/wp\/v2\/comments?post=95"}],"version-history":[{"count":15,"href":"https:\/\/www.fcstpauli-visuell.de\/fcstpauli-visuell\/wp-json\/wp\/v2\/pages\/95\/revisions"}],"predecessor-version":[{"id":184,"href":"https:\/\/www.fcstpauli-visuell.de\/fcstpauli-visuell\/wp-json\/wp\/v2\/pages\/95\/revisions\/184"}],"wp:attachment":[{"href":"https:\/\/www.fcstpauli-visuell.de\/fcstpauli-visuell\/wp-json\/wp\/v2\/media?parent=95"}],"curies":[{"name":"wp","href":"https:\/\/api.w.org\/{rel}","templated":true}]}}