{"id":241,"date":"2018-03-13T16:03:53","date_gmt":"2018-03-13T15:03:53","guid":{"rendered":"http:\/\/www.fcstpauli-visuell.de\/?page_id=241"},"modified":"2020-08-31T05:50:47","modified_gmt":"2020-08-31T03:50:47","slug":"kalender","status":"publish","type":"page","link":"https:\/\/blog.1910-museum.de\/fcstpauli-visuell\/kalender\/","title":{"rendered":"Kalender"},"content":{"rendered":"<!--themify_builder_content-->\n<div id=\"themify_builder_content-241\" data-postid=\"241\" class=\"themify_builder_content themify_builder_content-241 themify_builder tf_clear\">\n                    <div  data-lazy=\"1\" class=\"module_row themify_builder_row tb_f6q4055 tb_first tf_w\">\n                        <div class=\"row_inner col_align_top tb_col_count_3 tf_box tf_rel\">\n                        <div  data-lazy=\"1\" class=\"module_column tb-column col3-1 tb_v1mz405 first\">\n                    <!-- module text -->\n<div  class=\"module module-text tb_yww6400  repeat \" data-lazy=\"1\">\n        <div  class=\"tb_text_wrap\">\n        <div style=\"min-width: 240px; min-height: 100px; background: #3e4246; padding: 10px;\">\n<div style=\"float: left; width: 30%;\">\n<p style=\"padding: 0; margin: 0; font-size: 16px; line-height: 12px;\">Freitag<\/p>\n<p style=\"padding: 0; margin: 0; font-size: 18px; line-height: 28px;\">16.03.<\/p>\n<\/div>\n<div style=\"float: left; width: 70%;\">\n<p style=\"padding: 0; margin: 0; font-size: 18px; line-height: 12px;\"><b>16-23 Uhr<\/b><\/p>\n<p style=\"padding: 0; margin: 0; font-size: 14px; line-height: 32px;\">Erster \u00d6ffnungstag, Late Opening<\/p>\n<\/div>\n<\/div>\n<div style=\"clear: both; padding-top: 30px;\"><\/div>\n<div style=\"min-width: 240px; min-height: 100px; background: #3e4246; padding: 10px;\">\n<div style=\"float: left; width: 30%;\">\n<p style=\"padding: 0; margin: 0; font-size: 16px; line-height: 12px;\">Samstag<\/p>\n<p style=\"padding: 0; margin: 0; font-size: 18px; line-height: 28px;\">17.03.<\/p>\n<\/div>\n<div style=\"float: left; width: 70%;\">\n<p style=\"padding: 0; margin: 0; font-size: 18px; line-height: 12px;\"><b>11-21 Uhr<\/b><\/p>\n<p style=\"padding: 0; margin: 0; font-size: 14px; line-height: 32px;\">&#8222;Langer Samstag&#8220;<\/p>\n<\/div>\n<\/div>\n<div style=\"clear: both; padding-top: 30px;\"><\/div>\n    <\/div>\n<\/div>\n<!-- \/module text -->        <\/div>\n                    <div  data-lazy=\"1\" class=\"module_column tb-column col3-1 tb_lzkc215\">\n                    <!-- module text -->\n<div  class=\"module module-text tb_l7d3011  repeat \" data-lazy=\"1\">\n        <div  class=\"tb_text_wrap\">\n        <div style=\"min-width: 240px; background: #3e4246; padding: 10px;float:left;\">\n<div>\n<p style=\"padding: 0; margin: 0; font-size: 16px; line-height: 12px;\"><b>19. M\u00e4rz, Do.<\/b><span style=\"float: right;\">11 &#8211; 13 &amp; 16 &#8211; 19 Uhr<\/span><\/p>\n<\/div>\n<div style=\"padding-top: 16px;\">\n<p style=\"padding: 0; margin: 0; font-size: 14px; line-height: 16px;\">Heimspieltag! W\u00e4hrend des Spiels geschlossen<\/p>\n<\/div>\n<\/div>\n<div style=\"clear: both; padding-top: 15px;\"><\/div>\n<div style=\"min-width: 240px; background: #3e4246; padding: 10px;\">\n<div>\n<p style=\"padding: 0; margin: 0; font-size: 16px; line-height: 12px;\"><b>20. M\u00e4rz, Fr.<\/b><span style=\"float: right;\">16 &#8211; 22 Uhr<\/span><\/p>\n<\/div>\n<div style=\"padding-top: 16px;\">\n<p style=\"padding: 0; margin: 0; font-size: 14px; line-height: 16px;\">Regel\u00f6ffnung<\/p>\n<\/div>\n<\/div>\n<div style=\"clear: both; padding-top: 15px;\"><\/div>\n    <\/div>\n<\/div>\n<!-- \/module text -->        <\/div>\n                    <div  data-lazy=\"1\" class=\"module_column tb-column col3-1 tb_s0wt900 last\">\n                    <!-- module text -->\n<div  class=\"module module-text tb_h6l8774  repeat \" data-lazy=\"1\">\n        <div  class=\"tb_text_wrap\">\n        <div style=\"min-width: 240px; background: #3e4246; padding: 10px;\">\n<div>\n<p style=\"padding: 0; margin: 0; font-size: 16px; line-height: 12px;\"><b>Freitag, 20. M\u00e4rz<\/b> | 11 &#8211; 13 Uhr &amp; 16 &#8211; 19 Uhr<\/p>\n<\/div>\n<div style=\"padding-top: 16px;\">\n<p style=\"padding: 0; margin: 0; font-size: 14px; line-height: 16px;\">Heimspieltag! W\u00e4hrend des Spiels geschlossen<\/p>\n<\/div>\n<\/div>\n<div style=\"clear: both; padding-top: 30px;\"><\/div>\n<div style=\"min-width: 240px; min-height: 100px; background: #3e4246; padding: 10px;\">\n<div>\n<p style=\"padding: 0; margin: 0; font-size: 16px; line-height: 12px;\"><b>Freitag, 20. M\u00e4rz<\/b><\/p>\n<p style=\"padding: 0; margin: 0; font-size: 16px; line-height: 28px;\"><b>11 &#8211; 13 Uhr &amp; 16 &#8211; 19 Uhr<\/b><\/p>\n<\/div>\n<div style=\"padding-top: 16px;\">\n<p style=\"padding: 0; margin: 0; font-size: 14px; line-height: 16px;\">Heimspieltag! W\u00e4hrend des Spiels geschlossen<\/p>\n<\/div>\n<\/div>\n<div style=\"clear: both; padding-top: 30px;\"><\/div>\n<div style=\"min-width: 240px; min-height: 100px; background: #3e4246; padding: 10px;\">\n<div>\n<p style=\"padding: 0; margin: 0; font-size: 16px; line-height: 12px;\">Freitag, 20. M\u00e4rz | 11-13 Uhr<\/p>\n<\/div>\n<div>\n<p style=\"padding: 0; margin: 0; font-size: 14px; line-height: 16px;\">\n<\/div>\n<\/div>\n<div style=\"clear: both; padding-top: 30px;\"><\/div>\n    <\/div>\n<\/div>\n<!-- \/module text -->        <\/div>\n                        <\/div>\n        <\/div>\n                        <div  data-lazy=\"1\" class=\"module_row themify_builder_row tb_a79f092 tf_w\">\n                        <div class=\"row_inner col_align_top tb_col_count_1 tf_box tf_rel\">\n                        <div  data-lazy=\"1\" class=\"module_column tb-column col-full tb_8qvk056 first\">\n                    <!-- module text -->\n<div  class=\"module module-text tb_h8bv999  repeat \" data-lazy=\"1\">\n        <div  class=\"tb_text_wrap\">\n        <div style=\"width: 280px; height:65px;background: #3e4246; padding: 10px; margin: 10px; float: left;\">\n<div>\n<p style=\"padding: 0; margin: 0; font-size: 16px; line-height: 12px;\"><b>19. M\u00e4rz, Fr.<\/b><span style=\"float: right;\">16 &#8211; 22 Uhr<\/span><\/p>\n<\/div>\n<div style=\"padding-top: 16px;\">\n<p style=\"padding: 0; margin: 0; font-size: 14px; line-height: 16px;\">Regel\u00f6ffnung<\/p>\n<\/div>\n<\/div>\n<div style=\"width: 280px; height:65px; background: #3e4246; padding: 10px; margin: 10px; float: left;\">\n<div>\n<p style=\"padding: 0; margin: 0; font-size: 16px; line-height: 12px;\"><b>20. M\u00e4rz, Sa.<\/b><span style=\"float: right;\">11 &#8211; 13 &amp; 16 &#8211; 19 Uhr<\/span><\/p>\n<\/div>\n<div style=\"padding-top: 16px;\">\n<p style=\"padding: 0; margin: 0; font-size: 14px; line-height: 16px;\">Heimspieltag! W\u00e4hrend des Spiels geschlossen<\/p>\n<\/div>\n<\/div>\n<div style=\"width: 280px; height:65px; background: #3e4246; padding: 10px; margin: 10px; float: left;\">\n<div>\n<p style=\"padding: 0; margin: 0; font-size: 16px; line-height: 12px;\"><b>21. M\u00e4rz, So.<\/b><span style=\"float: right;\">16 &#8211; 22 Uhr<\/span><\/p>\n<\/div>\n<div style=\"padding-top: 16px;\">\n<p style=\"padding: 0; margin: 0; font-size: 14px; line-height: 16px;\">Heimspieltag! W\u00e4hrend des Spiels geschlossen<\/p>\n<\/div>\n<\/div>\n<div style=\"width: 280px; height:65px; background: #3e4246; padding: 10px; margin: 10px; float: left;\">\n<div>\n<p style=\"padding: 0; margin: 0; font-size: 16px; line-height: 12px;\"><b>22. M\u00e4rz, Di.<\/b><span style=\"float: right;\">11 &#8211; 13 &amp; 16 &#8211; 19 Uhr<\/span><\/p>\n<\/div>\n<div style=\"padding-top: 16px;\">\n<p style=\"padding: 0; margin: 0; font-size: 14px; line-height: 16px;\">Heimspieltag! W\u00e4hrend des Spiels geschlossen<\/p>\n<\/div>\n<\/div>\n<div style=\"width: 280px; height:65px;background: #3e4246; padding: 10px; margin: 10px; float: left;\">\n<div>\n<p style=\"padding: 0; margin: 0; font-size: 16px; line-height: 12px;\"><b>23. M\u00e4rz, Mi.<\/b><span style=\"float: right;\">11 &#8211; 13 &amp; 16 &#8211; 19 Uhr<\/span><\/p>\n<\/div>\n<div style=\"padding-top: 16px;\">\n<p style=\"padding: 0; margin: 0; font-size: 14px; line-height: 16px;\">Heimspieltag! W\u00e4hrend des Spiels geschlossen<\/p>\n<\/div>\n<\/div>\n<div style=\"width: 280px; height:65px; background: #3e4246; padding: 10px; margin: 10px; float: left;\">\n<div>\n<p style=\"padding: 0; margin: 0; font-size: 16px; line-height: 12px;\"><b>24. M\u00e4rz, Do.<\/b><span style=\"float: right;\">16 &#8211; 22 Uhr<\/span><\/p>\n<\/div>\n<div style=\"padding-top: 16px;\">\n<p style=\"padding: 0; margin: 0; font-size: 14px; line-height: 16px;\">Heimspieltag! W\u00e4hrend des Spiels geschlossen<\/p>\n<\/div>\n<\/div>\n<div style=\"width: 280px; height:65px; background: #3e4246; padding: 10px; margin: 10px; float: left;\">\n<div>\n<p style=\"padding: 0; margin: 0; font-size: 16px; line-height: 12px;\"><b>25. M\u00e4rz, Fr.<\/b><span style=\"float: right;\">11 &#8211; 13 &amp; 16 &#8211; 19 Uhr<\/span><\/p>\n<\/div>\n<div style=\"padding-top: 16px;\">\n<p style=\"padding: 0; margin: 0; font-size: 14px; line-height: 16px;\">Heimspieltag! W\u00e4hrend des Spiels geschlossen<\/p>\n<\/div>\n<\/div>\n    <\/div>\n<\/div>\n<!-- \/module text -->        <\/div>\n                        <\/div>\n        <\/div>\n        <\/div>\n<!--\/themify_builder_content-->","protected":false},"excerpt":{"rendered":"<p>Freitag 16.03. 16-23 Uhr Erster \u00d6ffnungstag, Late Opening Samstag 17.03. 11-21 Uhr &#8222;Langer Samstag&#8220; 19. M\u00e4rz, Do.11 &#8211; 13 &amp; 16 &#8211; 19 Uhr Heimspieltag! W\u00e4hrend des Spiels geschlossen 20. [&hellip;]<\/p>\n","protected":false},"author":18,"featured_media":0,"parent":0,"menu_order":0,"comment_status":"closed","ping_status":"closed","template":"","meta":{"_acf_changed":false,"footnotes":""},"class_list":["post-241","page","type-page","status-publish","hentry","has-post-title","has-post-date","has-post-category","has-post-tag","has-post-comment","has-post-author",""],"acf":[],"yoast_head":"<!-- This site is optimized with the Yoast SEO plugin v26.6 - https:\/\/yoast.com\/wordpress\/plugins\/seo\/ -->\n<title>Kalender - FC St. Pauli visuell<\/title>\n<meta name=\"robots\" content=\"index, follow, max-snippet:-1, max-image-preview:large, max-video-preview:-1\" \/>\n<link rel=\"canonical\" href=\"https:\/\/blog.1910-museum.de\/fcstpauli-visuell\/kalender\/\" \/>\n<meta property=\"og:locale\" content=\"de_DE\" \/>\n<meta property=\"og:type\" content=\"article\" \/>\n<meta property=\"og:title\" content=\"Kalender - FC St. Pauli visuell\" \/>\n<meta property=\"og:description\" content=\"Freitag 16.03. 16-23 Uhr Erster \u00d6ffnungstag, Late Opening Samstag 17.03. 11-21 Uhr &#8222;Langer Samstag&#8220; 19. M\u00e4rz, Do.11 &#8211; 13 &amp; 16 &#8211; 19 Uhr Heimspieltag! W\u00e4hrend des Spiels geschlossen 20. [&hellip;]\" \/>\n<meta property=\"og:url\" content=\"https:\/\/blog.1910-museum.de\/fcstpauli-visuell\/kalender\/\" \/>\n<meta property=\"og:site_name\" content=\"FC St. Pauli visuell\" \/>\n<meta property=\"article:modified_time\" content=\"2020-08-31T03:50:47+00:00\" \/>\n<meta name=\"twitter:card\" content=\"summary_large_image\" \/>\n<meta name=\"twitter:label1\" content=\"Gesch\u00e4tzte Lesezeit\" \/>\n\t<meta name=\"twitter:data1\" content=\"1\u00a0Minute\" \/>\n<script type=\"application\/ld+json\" class=\"yoast-schema-graph\">{\"@context\":\"https:\/\/schema.org\",\"@graph\":[{\"@type\":\"WebPage\",\"@id\":\"https:\/\/blog.1910-museum.de\/fcstpauli-visuell\/kalender\/\",\"url\":\"https:\/\/blog.1910-museum.de\/fcstpauli-visuell\/kalender\/\",\"name\":\"Kalender - FC St. Pauli visuell\",\"isPartOf\":{\"@id\":\"http:\/\/blog.1910-museum.de\/fcstpauli-visuell\/#website\"},\"datePublished\":\"2018-03-13T15:03:53+00:00\",\"dateModified\":\"2020-08-31T03:50:47+00:00\",\"breadcrumb\":{\"@id\":\"https:\/\/blog.1910-museum.de\/fcstpauli-visuell\/kalender\/#breadcrumb\"},\"inLanguage\":\"de\",\"potentialAction\":[{\"@type\":\"ReadAction\",\"target\":[\"https:\/\/blog.1910-museum.de\/fcstpauli-visuell\/kalender\/\"]}]},{\"@type\":\"BreadcrumbList\",\"@id\":\"https:\/\/blog.1910-museum.de\/fcstpauli-visuell\/kalender\/#breadcrumb\",\"itemListElement\":[{\"@type\":\"ListItem\",\"position\":1,\"name\":\"Startseite\",\"item\":\"http:\/\/blog.1910-museum.de\/fcstpauli-visuell\/\"},{\"@type\":\"ListItem\",\"position\":2,\"name\":\"Kalender\"}]},{\"@type\":\"WebSite\",\"@id\":\"http:\/\/blog.1910-museum.de\/fcstpauli-visuell\/#website\",\"url\":\"http:\/\/blog.1910-museum.de\/fcstpauli-visuell\/\",\"name\":\"FC St. Pauli visuell\",\"description\":\"Fotografische Ansichtssachen vom Millerntor\",\"potentialAction\":[{\"@type\":\"SearchAction\",\"target\":{\"@type\":\"EntryPoint\",\"urlTemplate\":\"http:\/\/blog.1910-museum.de\/fcstpauli-visuell\/?s={search_term_string}\"},\"query-input\":{\"@type\":\"PropertyValueSpecification\",\"valueRequired\":true,\"valueName\":\"search_term_string\"}}],\"inLanguage\":\"de\"}]}<\/script>\n<!-- \/ Yoast SEO plugin. -->","yoast_head_json":{"title":"Kalender - FC St. Pauli visuell","robots":{"index":"index","follow":"follow","max-snippet":"max-snippet:-1","max-image-preview":"max-image-preview:large","max-video-preview":"max-video-preview:-1"},"canonical":"https:\/\/blog.1910-museum.de\/fcstpauli-visuell\/kalender\/","og_locale":"de_DE","og_type":"article","og_title":"Kalender - FC St. Pauli visuell","og_description":"Freitag 16.03. 16-23 Uhr Erster \u00d6ffnungstag, Late Opening Samstag 17.03. 11-21 Uhr &#8222;Langer Samstag&#8220; 19. M\u00e4rz, Do.11 &#8211; 13 &amp; 16 &#8211; 19 Uhr Heimspieltag! W\u00e4hrend des Spiels geschlossen 20. [&hellip;]","og_url":"https:\/\/blog.1910-museum.de\/fcstpauli-visuell\/kalender\/","og_site_name":"FC St. Pauli visuell","article_modified_time":"2020-08-31T03:50:47+00:00","twitter_card":"summary_large_image","twitter_misc":{"Gesch\u00e4tzte Lesezeit":"1\u00a0Minute"},"schema":{"@context":"https:\/\/schema.org","@graph":[{"@type":"WebPage","@id":"https:\/\/blog.1910-museum.de\/fcstpauli-visuell\/kalender\/","url":"https:\/\/blog.1910-museum.de\/fcstpauli-visuell\/kalender\/","name":"Kalender - FC St. Pauli visuell","isPartOf":{"@id":"http:\/\/blog.1910-museum.de\/fcstpauli-visuell\/#website"},"datePublished":"2018-03-13T15:03:53+00:00","dateModified":"2020-08-31T03:50:47+00:00","breadcrumb":{"@id":"https:\/\/blog.1910-museum.de\/fcstpauli-visuell\/kalender\/#breadcrumb"},"inLanguage":"de","potentialAction":[{"@type":"ReadAction","target":["https:\/\/blog.1910-museum.de\/fcstpauli-visuell\/kalender\/"]}]},{"@type":"BreadcrumbList","@id":"https:\/\/blog.1910-museum.de\/fcstpauli-visuell\/kalender\/#breadcrumb","itemListElement":[{"@type":"ListItem","position":1,"name":"Startseite","item":"http:\/\/blog.1910-museum.de\/fcstpauli-visuell\/"},{"@type":"ListItem","position":2,"name":"Kalender"}]},{"@type":"WebSite","@id":"http:\/\/blog.1910-museum.de\/fcstpauli-visuell\/#website","url":"http:\/\/blog.1910-museum.de\/fcstpauli-visuell\/","name":"FC St. Pauli visuell","description":"Fotografische Ansichtssachen vom Millerntor","potentialAction":[{"@type":"SearchAction","target":{"@type":"EntryPoint","urlTemplate":"http:\/\/blog.1910-museum.de\/fcstpauli-visuell\/?s={search_term_string}"},"query-input":{"@type":"PropertyValueSpecification","valueRequired":true,"valueName":"search_term_string"}}],"inLanguage":"de"}]}},"_links":{"self":[{"href":"https:\/\/www.fcstpauli-visuell.de\/fcstpauli-visuell\/wp-json\/wp\/v2\/pages\/241","targetHints":{"allow":["GET"]}}],"collection":[{"href":"https:\/\/www.fcstpauli-visuell.de\/fcstpauli-visuell\/wp-json\/wp\/v2\/pages"}],"about":[{"href":"https:\/\/www.fcstpauli-visuell.de\/fcstpauli-visuell\/wp-json\/wp\/v2\/types\/page"}],"author":[{"embeddable":true,"href":"https:\/\/www.fcstpauli-visuell.de\/fcstpauli-visuell\/wp-json\/wp\/v2\/users\/18"}],"replies":[{"embeddable":true,"href":"https:\/\/www.fcstpauli-visuell.de\/fcstpauli-visuell\/wp-json\/wp\/v2\/comments?post=241"}],"version-history":[{"count":39,"href":"https:\/\/www.fcstpauli-visuell.de\/fcstpauli-visuell\/wp-json\/wp\/v2\/pages\/241\/revisions"}],"predecessor-version":[{"id":389,"href":"https:\/\/www.fcstpauli-visuell.de\/fcstpauli-visuell\/wp-json\/wp\/v2\/pages\/241\/revisions\/389"}],"wp:attachment":[{"href":"https:\/\/www.fcstpauli-visuell.de\/fcstpauli-visuell\/wp-json\/wp\/v2\/media?parent=241"}],"curies":[{"name":"wp","href":"https:\/\/api.w.org\/{rel}","templated":true}]}}